{"id":12,"date":"2023-05-04T12:32:07","date_gmt":"2023-05-04T10:32:07","guid":{"rendered":"https:\/\/inmogilany.pl\/?page_id=12"},"modified":"2024-04-24T15:04:51","modified_gmt":"2024-04-24T13:04:51","slug":"o-nas","status":"publish","type":"page","link":"https:\/\/inmogilany.pl\/?page_id=12","title":{"rendered":"O NAS"},"content":{"rendered":"\n<blockquote class=\"wp-block-quote has-text-align-center is-layout-flow wp-block-quote-is-layout-flow\"><cite><mark style=\"background-color:rgba(0, 0, 0, 0)\" class=\"has-inline-color has-black-color\"><strong>Idealne rozwi\u0105zanie dla ka\u017cdej bran\u017cy<\/strong><\/mark><\/cite><\/blockquote>\n\n\n\n<p>WINTERSTEIGER oferuje wszechstronne portfolio wydajnych produkt\u00f3w dla bran\u017cy rowerowej. Z naszych produkt\u00f3w, takich jak systemy myj\u0105ce, korzystaj\u0105 mi\u0119dzy innymi sklepy specjalistyczne, spo\u0142eczno\u015bci lokalne i firmy turystyczne. Ofert\u0119 produktow\u0105 uzupe\u0142nia oprogramowanie umo\u017cliwiaj\u0105ce efektywne zarz\u0105dzanie wypo\u017cyczeniami rower\u00f3w, napraw\u0105 i serwisowaniem.<\/p>\n\n\n\n<p><strong>Asortyment produkt\u00f3w WINTERSTEIGER<\/strong><\/p>\n\n\n\n<p>Liczba rowerzyst\u00f3w stale ro\u015bnie, co skutkuje nie tylko rosn\u0105c\u0105 sprzeda\u017c\u0105 rower\u00f3w, ale tak\u017ce zapotrzebowaniem na warsztaty naprawy rower\u00f3w, o\u015brodki turystyczne, hotele, wypo\u017cyczalnie i inne powi\u0105zane bran\u017ce. Ale czego potrzebuj\u0105 od nich rowerzy\u015bci? Mo\u017cliwo\u015b\u0107 wyczyszczenia swoich rower\u00f3w osobistych lub szybkiego i \u0142atwego wypo\u017cyczenia sprz\u0119tu.<\/p>\n\n\n\n<figure class=\"wp-block-image size-large\"><img loading=\"lazy\" decoding=\"async\" width=\"1024\" height=\"512\" src=\"https:\/\/inmogilany.pl\/wp-content\/uploads\/2024\/04\/Wintersteiger-1024x512.png\" alt=\"\" class=\"wp-image-169\" srcset=\"https:\/\/inmogilany.pl\/wp-content\/uploads\/2024\/04\/Wintersteiger-1024x512.png 1024w, https:\/\/inmogilany.pl\/wp-content\/uploads\/2024\/04\/Wintersteiger-300x150.png 300w, https:\/\/inmogilany.pl\/wp-content\/uploads\/2024\/04\/Wintersteiger-768x384.png 768w, https:\/\/inmogilany.pl\/wp-content\/uploads\/2024\/04\/Wintersteiger.png 1200w\" sizes=\"auto, (max-width: 1024px) 100vw, 1024px\" \/><\/figure>\n\n\n\n<div style=\"height:100px\" aria-hidden=\"true\" class=\"wp-block-spacer\"><\/div>\n\n\n\n<hr class=\"wp-block-separator has-alpha-channel-opacity\"\/>\n\n\n\n<p>Firmy oferuj\u0105ce dodatki, takie jak rozwi\u0105zania do suszenia odzie\u017cy sportowej, s\u0105 jeszcze bardziej cenne. <\/p>\n\n\n\n<p>WINTERSTEIGER oferuje produkty i us\u0142ugi spe\u0142niaj\u0105ce wszystkie potrzeby rowerowe.<\/p>\n\n\n\n<div class=\"wp-block-media-text is-stacked-on-mobile is-vertically-aligned-top\"><figure class=\"wp-block-media-text__media\"><img loading=\"lazy\" decoding=\"async\" width=\"1024\" height=\"767\" src=\"https:\/\/inmogilany.pl\/wp-content\/uploads\/2024\/04\/velobrush-036-1024x767.png\" alt=\"\" class=\"wp-image-163 size-full\" srcset=\"https:\/\/inmogilany.pl\/wp-content\/uploads\/2024\/04\/velobrush-036-1024x767.png 1024w, https:\/\/inmogilany.pl\/wp-content\/uploads\/2024\/04\/velobrush-036-300x225.png 300w, https:\/\/inmogilany.pl\/wp-content\/uploads\/2024\/04\/velobrush-036-768x576.png 768w, https:\/\/inmogilany.pl\/wp-content\/uploads\/2024\/04\/velobrush-036-1536x1151.png 1536w, https:\/\/inmogilany.pl\/wp-content\/uploads\/2024\/04\/velobrush-036-1441x1080.png 1441w, https:\/\/inmogilany.pl\/wp-content\/uploads\/2024\/04\/velobrush-036.png 1920w\" sizes=\"auto, (max-width: 1024px) 100vw, 1024px\" \/><\/figure><div class=\"wp-block-media-text__content\">\n<p><strong>Systemy mycia rower\u00f3w firmy WINTERSTEIGER<\/strong><br>Do r\u0119cznego lub w pe\u0142ni zautomatyzowanego czyszczenia rower\u00f3w<br>Asortyment produkt\u00f3w do czyszczenia rower\u00f3w firmy WINTERSTEIGER obejmuje wiele opcji \u2013 od dok\u0142adnego czyszczenia rower\u00f3w po mycie wst\u0119pne wykonywane r\u0119cznie lub w pe\u0142ni automatycznie. Veloclean Pro i Velobrush mog\u0105 pochwali\u0107 si\u0119 wysokiej jako\u015bci komponentami i technologiami, praktycznymi funkcjami i \u0142atwo\u015bci\u0105 u\u017cycia.<\/p>\n\n\n\n<div style=\"height:100px\" aria-hidden=\"true\" class=\"wp-block-spacer\"><\/div>\n<\/div><\/div>\n\n\n\n<div style=\"height:100px\" aria-hidden=\"true\" class=\"wp-block-spacer\"><\/div>\n\n\n\n<div class=\"wp-block-media-text is-stacked-on-mobile is-vertically-aligned-top\"><figure class=\"wp-block-media-text__media\"><img loading=\"lazy\" decoding=\"async\" width=\"1024\" height=\"614\" src=\"https:\/\/inmogilany.pl\/wp-content\/uploads\/2024\/04\/easyrent-001-media-1024x614.png\" alt=\"\" class=\"wp-image-164 size-full\" srcset=\"https:\/\/inmogilany.pl\/wp-content\/uploads\/2024\/04\/easyrent-001-media-1024x614.png 1024w, https:\/\/inmogilany.pl\/wp-content\/uploads\/2024\/04\/easyrent-001-media-300x180.png 300w, https:\/\/inmogilany.pl\/wp-content\/uploads\/2024\/04\/easyrent-001-media-768x461.png 768w, https:\/\/inmogilany.pl\/wp-content\/uploads\/2024\/04\/easyrent-001-media-1536x922.png 1536w, https:\/\/inmogilany.pl\/wp-content\/uploads\/2024\/04\/easyrent-001-media-1800x1080.png 1800w, https:\/\/inmogilany.pl\/wp-content\/uploads\/2024\/04\/easyrent-001-media.png 1920w\" sizes=\"auto, (max-width: 1024px) 100vw, 1024px\" \/><\/figure><div class=\"wp-block-media-text__content\">\n<p><strong>Oprogramowanie firmy WINTERSTEIGER dla wypo\u017cyczalni rower\u00f3w<\/strong>.<br>Innowacyjne rozwi\u0105zania serwisowe dla proces\u00f3w zwi\u0105zanych z rowerami<br>Tworzenie profili klient\u00f3w, rejestrowanie zam\u00f3wie\u0144 i zarz\u0105dzanie wypo\u017cyczonymi rowerami to tylko niekt\u00f3re z wielu zada\u0144, jakie pracownicy wypo\u017cyczalni rower\u00f3w, sklep\u00f3w sportowych i sklep\u00f3w rowerowych musz\u0105 wykonywa\u0107 na co dzie\u0144. Do codziennej kontroli proces\u00f3w biznesowych potrzebne s\u0105 \u0142atwe w u\u017cyciu systemy z wieloma funkcjami. W\u0142a\u015bnie tu z pomoc\u0105 przychodz\u0105 rozwi\u0105zania programowe firmy WINTERSTEIGER!<\/p>\n<\/div><\/div>\n\n\n\n<div style=\"height:100px\" aria-hidden=\"true\" class=\"wp-block-spacer\"><\/div>\n\n\n\n<div class=\"wp-block-media-text is-stacked-on-mobile is-vertically-aligned-top\"><figure class=\"wp-block-media-text__media\"><img loading=\"lazy\" decoding=\"async\" width=\"1024\" height=\"605\" src=\"https:\/\/inmogilany.pl\/wp-content\/uploads\/2024\/04\/62-012-009-primus-set--1024x605.png\" alt=\"\" class=\"wp-image-165 size-full\" srcset=\"https:\/\/inmogilany.pl\/wp-content\/uploads\/2024\/04\/62-012-009-primus-set--1024x605.png 1024w, https:\/\/inmogilany.pl\/wp-content\/uploads\/2024\/04\/62-012-009-primus-set--300x177.png 300w, https:\/\/inmogilany.pl\/wp-content\/uploads\/2024\/04\/62-012-009-primus-set--768x454.png 768w, https:\/\/inmogilany.pl\/wp-content\/uploads\/2024\/04\/62-012-009-primus-set--1536x908.png 1536w, https:\/\/inmogilany.pl\/wp-content\/uploads\/2024\/04\/62-012-009-primus-set--1827x1080.png 1827w, https:\/\/inmogilany.pl\/wp-content\/uploads\/2024\/04\/62-012-009-primus-set-.png 1920w\" sizes=\"auto, (max-width: 1024px) 100vw, 1024px\" \/><\/figure><div class=\"wp-block-media-text__content\">\n<p><strong>Suszarki WINTERSTEIGER<\/strong><br>do funkcjonalnej odzie\u017cy rowerowej<br>Po wymagaj\u0105cej wycieczce rowerowej Tw\u00f3j str\u00f3j jest przepocony lub przemoczony od deszczu. Nie oznacza to jednak, \u017ce po ka\u017cdej wycieczce odzie\u017c funkcjonaln\u0105 nale\u017cy pra\u0107 w pralce!<\/p>\n<\/div><\/div>\n","protected":false},"excerpt":{"rendered":"<p>Idealne rozwi\u0105zanie dla ka\u017cdej bran\u017cy WINTERSTEIGER oferuje wszechstronne portfolio wydajnych produkt\u00f3w dla bran\u017cy rowerowej. Z naszych produkt\u00f3w, takich jak systemy myj\u0105ce, korzystaj\u0105 mi\u0119dzy innymi sklepy specjalistyczne, spo\u0142eczno\u015bci lokalne i firmy turystyczne. Ofert\u0119 produktow\u0105 uzupe\u0142nia oprogramowanie umo\u017cliwiaj\u0105ce efektywne zarz\u0105dzanie wypo\u017cyczeniami rower\u00f3w, napraw\u0105 i serwisowaniem. Asortyment produkt\u00f3w WINTERSTEIGER Liczba rowerzyst\u00f3w stale ro\u015bnie, co skutkuje nie tylko rosn\u0105c\u0105&hellip; <br \/> <a class=\"read-more\" href=\"https:\/\/inmogilany.pl\/?page_id=12\">Read more<\/a><\/p>\n","protected":false},"author":1,"featured_media":0,"parent":0,"menu_order":0,"comment_status":"closed","ping_status":"closed","template":"","meta":{"footnotes":""},"class_list":["post-12","page","type-page","status-publish","hentry"],"_links":{"self":[{"href":"https:\/\/inmogilany.pl\/index.php?rest_route=\/wp\/v2\/pages\/12","targetHints":{"allow":["GET"]}}],"collection":[{"href":"https:\/\/inmogilany.pl\/index.php?rest_route=\/wp\/v2\/pages"}],"about":[{"href":"https:\/\/inmogilany.pl\/index.php?rest_route=\/wp\/v2\/types\/page"}],"author":[{"embeddable":true,"href":"https:\/\/inmogilany.pl\/index.php?rest_route=\/wp\/v2\/users\/1"}],"replies":[{"embeddable":true,"href":"https:\/\/inmogilany.pl\/index.php?rest_route=%2Fwp%2Fv2%2Fcomments&post=12"}],"version-history":[{"count":10,"href":"https:\/\/inmogilany.pl\/index.php?rest_route=\/wp\/v2\/pages\/12\/revisions"}],"predecessor-version":[{"id":174,"href":"https:\/\/inmogilany.pl\/index.php?rest_route=\/wp\/v2\/pages\/12\/revisions\/174"}],"wp:attachment":[{"href":"https:\/\/inmogilany.pl\/index.php?rest_route=%2Fwp%2Fv2%2Fmedia&parent=12"}],"curies":[{"name":"wp","href":"https:\/\/api.w.org\/{rel}","templated":true}]}}